{"id":167,"date":"2024-07-03T18:48:57","date_gmt":"2024-07-03T18:48:57","guid":{"rendered":"https:\/\/idr.edu.mx\/inicio\/offerings\/"},"modified":"2024-07-03T20:11:12","modified_gmt":"2024-07-03T20:11:12","slug":"offerings","status":"publish","type":"page","link":"https:\/\/idr.edu.mx\/inicio\/offerings\/","title":{"rendered":"Offerings"},"content":{"rendered":"\n<div class=\"wp-block-uagb-container uagb-block-6803eae3 alignfull uagb-is-root-container\"><div class=\"uagb-container-inner-blocks-wrap\">\n<div class=\"wp-block-uagb-advanced-heading uagb-block-a2f9964e\"><h1 class=\"uagb-heading-text\">Nuestras Ofertas<\/h1><\/div>\n<\/div><\/div>\n\n\n\n<div class=\"wp-block-uagb-container uagb-block-623363c6 alignfull uagb-is-root-container\"><div class=\"uagb-container-inner-blocks-wrap\">\n<div class=\"wp-block-uagb-info-box uagb-block-3801b6ed uagb-infobox__content-wrap  uagb-infobox-icon-above-title uagb-infobox-image-valign-top\"><div class=\"uagb-ifb-content\"><div class=\"uagb-ifb-title-wrap\"><h2 class=\"uagb-ifb-title\">Ofertas Principales<\/h2><\/div><p class=\"uagb-ifb-desc\">Explora nuestras principales ofertas educativas en rob\u00f3tica y tecnolog\u00eda<\/p><\/div><\/div>\n\n\n\n<div class=\"wp-block-uagb-container uagb-block-e91230d3\">\n<div class=\"wp-block-uagb-container uagb-block-b46395ef\">\n<div class=\"wp-block-uagb-image alignleft uagb-block-4ff9da3f wp-block-uagb-image--layout-default wp-block-uagb-image--effect-static wp-block-uagb-image--align-left\"><figure class=\"wp-block-uagb-image__figure\"><img loading=\"lazy\" decoding=\"async\" srcset=\"https:\/\/idr.edu.mx\/inicio\/wp-content\/uploads\/2024\/07\/pexels-photo-9242836-1.jpeg ,https:\/\/idr.edu.mx\/inicio\/wp-content\/uploads\/2024\/07\/pexels-photo-9242836-1.jpeg 780w, https:\/\/idr.edu.mx\/inicio\/wp-content\/uploads\/2024\/07\/pexels-photo-9242836-1.jpeg 360w\" sizes=\"auto, (max-width: 480px) 150px\" src=\"https:\/\/idr.edu.mx\/inicio\/wp-content\/uploads\/2024\/07\/pexels-photo-9242836-1.jpeg\" alt=\"\" class=\"uag-image-1341\" width=\"560\" height=\"500\" title=\"\" loading=\"lazy\" role=\"img\"\/><\/figure><\/div>\n<\/div>\n\n\n\n<div class=\"wp-block-uagb-container uagb-block-7621abb2\">\n<div class=\"wp-block-uagb-info-box uagb-block-f3d2d6b2 uagb-infobox__content-wrap  uagb-infobox-icon-above-title uagb-infobox-image-valign-top\"><div class=\"uagb-ifb-content\"><div class=\"uagb-ifb-title-wrap\"><span class=\"uagb-ifb-title-prefix\">01<\/span><h3 class=\"uagb-ifb-title\">Rob\u00f3tica<\/h3><\/div><p class=\"uagb-ifb-desc\">La carrera de rob\u00f3tica ofrece una formaci\u00f3n especializada en dise\u00f1o y programaci\u00f3n de robots para la industria actual.<\/p><div class=\"uagb-ifb-button-wrapper wp-block-button\"><a href=\"contact\/\" class=\"uagb-infobox-cta-link wp-block-button__link\" target=\"_self\" rel=\"noopener noreferrer\" onclick=\"return true;\" alt=\"\"><span class=\"uagb-inline-editing\">Comenzar<\/span><\/a><\/div><\/div><\/div>\n<\/div>\n<\/div>\n\n\n\n<div class=\"wp-block-uagb-container uagb-block-3893b8aa\">\n<div class=\"wp-block-uagb-container uagb-block-b02b419f\">\n<div class=\"wp-block-uagb-image alignright uagb-block-2622f629 wp-block-uagb-image--layout-default wp-block-uagb-image--effect-static wp-block-uagb-image--align-right\"><figure class=\"wp-block-uagb-image__figure\"><img loading=\"lazy\" decoding=\"async\" srcset=\"https:\/\/idr.edu.mx\/inicio\/wp-content\/uploads\/2024\/07\/pexels-photo-7868893-1.jpeg ,https:\/\/idr.edu.mx\/inicio\/wp-content\/uploads\/2024\/07\/pexels-photo-7868893-1.jpeg 780w, https:\/\/idr.edu.mx\/inicio\/wp-content\/uploads\/2024\/07\/pexels-photo-7868893-1.jpeg 360w\" sizes=\"auto, (max-width: 480px) 150px\" src=\"https:\/\/idr.edu.mx\/inicio\/wp-content\/uploads\/2024\/07\/pexels-photo-7868893-1.jpeg\" alt=\"\" class=\"uag-image-1342\" width=\"560\" height=\"500\" title=\"\" loading=\"lazy\" role=\"img\"\/><\/figure><\/div>\n<\/div>\n\n\n\n<div class=\"wp-block-uagb-container uagb-block-862a6668\">\n<div class=\"wp-block-uagb-info-box uagb-block-411c16f4 uagb-infobox__content-wrap  uagb-infobox-icon-above-title uagb-infobox-image-valign-top\"><div class=\"uagb-ifb-content\"><div class=\"uagb-ifb-title-wrap\"><span class=\"uagb-ifb-title-prefix\">02<\/span><h3 class=\"uagb-ifb-title\">Mecatr\u00f3nica<\/h3><\/div><p class=\"uagb-ifb-desc\">Mecatr\u00f3nica combina ingenier\u00eda y tecnolog\u00eda para formar expertos en el dise\u00f1o de sistemas automatizados.<\/p><div class=\"uagb-ifb-button-wrapper wp-block-button\"><a href=\"contact\/\" class=\"uagb-infobox-cta-link wp-block-button__link\" target=\"_self\" rel=\"noopener noreferrer\" onclick=\"return true;\" alt=\"\"><span class=\"uagb-inline-editing\">Comenzar<\/span><\/a><\/div><\/div><\/div>\n<\/div>\n<\/div>\n\n\n\n<div class=\"wp-block-uagb-container uagb-block-64c2a67e\">\n<div class=\"wp-block-uagb-container uagb-block-3fbfeeed\">\n<div class=\"wp-block-uagb-image alignleft uagb-block-5517d747 wp-block-uagb-image--layout-default wp-block-uagb-image--effect-static wp-block-uagb-image--align-left\"><figure class=\"wp-block-uagb-image__figure\"><img loading=\"lazy\" decoding=\"async\" srcset=\"https:\/\/idr.edu.mx\/inicio\/wp-content\/uploads\/2024\/07\/pexels-photo-7869076-1.jpeg ,https:\/\/idr.edu.mx\/inicio\/wp-content\/uploads\/2024\/07\/pexels-photo-7869076-1.jpeg 780w, https:\/\/idr.edu.mx\/inicio\/wp-content\/uploads\/2024\/07\/pexels-photo-7869076-1.jpeg 360w\" sizes=\"auto, (max-width: 480px) 150px\" src=\"https:\/\/idr.edu.mx\/inicio\/wp-content\/uploads\/2024\/07\/pexels-photo-7869076-1.jpeg\" alt=\"\" class=\"uag-image-1332\" width=\"560\" height=\"500\" title=\"\" loading=\"lazy\" role=\"img\"\/><\/figure><\/div>\n<\/div>\n\n\n\n<div class=\"wp-block-uagb-container uagb-block-4906a1e2\">\n<div class=\"wp-block-uagb-info-box uagb-block-b2c48bb3 uagb-infobox__content-wrap  uagb-infobox-icon-above-title uagb-infobox-image-valign-top\"><div class=\"uagb-ifb-content\"><div class=\"uagb-ifb-title-wrap\"><span class=\"uagb-ifb-title-prefix\">03<\/span><h3 class=\"uagb-ifb-title\">Desarrollo de Apps<\/h3><\/div><p class=\"uagb-ifb-desc\">Desarrollo de aplicaciones m\u00f3viles te prepara para crear soluciones innovadoras en el mundo digital.<\/p><div class=\"uagb-ifb-button-wrapper wp-block-button\"><a href=\"contact\/\" class=\"uagb-infobox-cta-link wp-block-button__link\" target=\"_self\" rel=\"noopener noreferrer\" onclick=\"return true;\" alt=\"\"><span class=\"uagb-inline-editing\">Comenzar<\/span><\/a><\/div><\/div><\/div>\n<\/div>\n<\/div>\n<\/div><\/div>\n\n\n\n<div class=\"wp-block-uagb-container uagb-block-407e9912 alignfull uagb-is-root-container\"><div class=\"uagb-container-inner-blocks-wrap\">\n<div class=\"wp-block-uagb-testimonial uagb-slick-carousel uagb-tm__arrow-outside uagb-block-63d6bdbb uagb-post__carousel_notset uagb-post__carousel_notset-tablet uagb-post__carousel_notset-mobile\"><div class=\"is-carousel uagb-tm__columns-1 uagb-tm__items\"><div class=\"uagb-testimonial__wrap  uagb-tm__imgicon-style-circle uagb-tm__image-position-top uagb-tm__bg-type-none \"><div class=\"uagb-tm__content\"><div class=\"uagb-tm__overlay\"><\/div><div class=\"uagb-tm__image-content\"><div class=\"uagb-tm__image\"><img loading=\"lazy\" decoding=\"async\" class=\"uagb-tm-img-src\" src=\"https:\/\/idr.edu.mx\/inicio\/wp-content\/uploads\/2023\/08\/testimonial-skip-02.jpeg\" alt=\"\" width=\"60\" height=\"60\" loading=\"lazy\"\/><\/div><\/div><div class=\"uagb-tm__text-wrap\"><div class=\"uagb-tm__desc\">\u00a1Incre\u00edble experiencia en IDR! Aprend\u00ed habilidades de vanguardia que me prepararon para el futuro tecnol\u00f3gico.<\/div><div class=\"uagb-tm__meta-inner\"><div class=\"uagb-testimonial-details\"><span class=\"uagb-tm__author-name\">Mar\u00eda Garc\u00eda<\/span><span class=\"uagb-tm__company\"><\/span><\/div><\/div><\/div><\/div><\/div><\/div><\/div>\n<\/div><\/div>\n\n\n\n<div class=\"wp-block-uagb-container uagb-block-c6476a98 alignfull uagb-is-root-container\"><div class=\"uagb-container-inner-blocks-wrap\">\n<div class=\"wp-block-uagb-container uagb-block-499f3e2a\">\n<div class=\"wp-block-uagb-advanced-heading uagb-block-6fe09642\"><h2 class=\"uagb-heading-text\">Propuesta de Valor \u00danico<\/h2><\/div>\n\n\n\n<div class=\"wp-block-uagb-advanced-heading uagb-block-72279faa\"><p class=\"uagb-heading-text\">Descubre c\u00f3mo preparamos a nuestros estudiantes para liderar en la industria tecnol\u00f3gica del ma\u00f1ana.<\/p><\/div>\n<\/div>\n\n\n\n<div class=\"wp-block-uagb-container uagb-block-8c7963ad\">\n<div class=\"wp-block-uagb-container uagb-block-918d0378\">\n<div class=\"wp-block-uagb-image uagb-block-0a080123 wp-block-uagb-image--layout-default wp-block-uagb-image--effect-static wp-block-uagb-image--align-none\"><figure class=\"wp-block-uagb-image__figure\"><img loading=\"lazy\" decoding=\"async\" srcset=\"https:\/\/idr.edu.mx\/inicio\/wp-content\/uploads\/2024\/07\/pexels-photo-7742817-2.jpeg ,https:\/\/idr.edu.mx\/inicio\/wp-content\/uploads\/2024\/07\/pexels-photo-7742817-2.jpeg 780w, https:\/\/idr.edu.mx\/inicio\/wp-content\/uploads\/2024\/07\/pexels-photo-7742817-2.jpeg 360w\" sizes=\"auto, (max-width: 480px) 150px\" src=\"https:\/\/idr.edu.mx\/inicio\/wp-content\/uploads\/2024\/07\/pexels-photo-7742817-2.jpeg\" alt=\"\" class=\"uag-image-1336\" width=\"560\" height=\"450\" title=\"\" loading=\"lazy\" role=\"img\"\/><\/figure><\/div>\n\n\n\n<div class=\"wp-block-uagb-advanced-heading uagb-block-53687665\"><h3 class=\"uagb-heading-text\">Formaci\u00f3n Especializada<\/h3><p class=\"uagb-desc-text\">Ofrecemos cursos dise\u00f1ados espec\u00edficamente para capacitar a los estudiantes en habilidades tecnol\u00f3gicas de vanguardia.<\/p><\/div>\n<\/div>\n\n\n\n<div class=\"wp-block-uagb-container uagb-block-a2b4d0ac\">\n<div class=\"wp-block-uagb-image alignleft uagb-block-7a16e14f wp-block-uagb-image--layout-default wp-block-uagb-image--effect-static wp-block-uagb-image--align-left\"><figure class=\"wp-block-uagb-image__figure\"><img loading=\"lazy\" decoding=\"async\" srcset=\"https:\/\/idr.edu.mx\/inicio\/wp-content\/uploads\/2024\/07\/pexels-photo-7750835-1.jpeg ,https:\/\/idr.edu.mx\/inicio\/wp-content\/uploads\/2024\/07\/pexels-photo-7750835-1.jpeg 780w, https:\/\/idr.edu.mx\/inicio\/wp-content\/uploads\/2024\/07\/pexels-photo-7750835-1.jpeg 360w\" sizes=\"auto, (max-width: 480px) 150px\" src=\"https:\/\/idr.edu.mx\/inicio\/wp-content\/uploads\/2024\/07\/pexels-photo-7750835-1.jpeg\" alt=\"\" class=\"uag-image-1337\" width=\"560\" height=\"450\" title=\"\" loading=\"lazy\" role=\"img\"\/><\/figure><\/div>\n\n\n\n<div class=\"wp-block-uagb-advanced-heading uagb-block-c5a580ac\"><h3 class=\"uagb-heading-text\">Innovaci\u00f3n Constante<\/h3><p class=\"uagb-desc-text\">Nos mantenemos actualizados con las \u00faltimas tendencias en rob\u00f3tica y tecnolog\u00eda para brindar una educaci\u00f3n de calidad.<\/p><\/div>\n<\/div>\n<\/div>\n<\/div><\/div>\n\n\n\n<div class=\"wp-block-uagb-container uagb-block-c84325e4 alignfull uagb-is-root-container\"><div class=\"uagb-container-inner-blocks-wrap\">\n<div class=\"wp-block-uagb-info-box uagb-block-d8a09d88 uagb-infobox__content-wrap  uagb-infobox-icon-above-title uagb-infobox-image-valign-top\"><div class=\"uagb-ifb-content\"><div class=\"uagb-ifb-title-wrap\"><h2 class=\"uagb-ifb-title\">\u00danete a la Revoluci\u00f3n Tecnol\u00f3gica<\/h2><\/div><p class=\"uagb-ifb-desc\">Descubre c\u00f3mo puedes ser parte de nuestra comunidad y formar parte de la transformaci\u00f3n tecnol\u00f3gica.<\/p><div class=\"uagb-ifb-button-wrapper wp-block-button\"><a href=\"\/inicio\/contacto\/\" class=\"uagb-infobox-cta-link wp-block-button__link\" target=\"_self\" rel=\"noopener noreferrer\" onclick=\"return true;\"><span class=\"uagb-inline-editing\">Descubre<\/span><\/a><\/div><\/div><\/div>\n<\/div><\/div>\n","protected":false},"excerpt":{"rendered":"<p>Nuestras Ofertas Propuesta de Valor \u00danico Descubre c\u00f3mo preparamos a nuestros estudiantes para liderar en la industria tecnol\u00f3gica del ma\u00f1ana. [&hellip;]<\/p>\n","protected":false},"author":1,"featured_media":0,"parent":0,"menu_order":0,"comment_status":"closed","ping_status":"closed","template":"","meta":{"_uag_custom_page_level_css":"","site-sidebar-layout":"default","site-content-layout":"","ast-site-content-layout":"default","site-content-style":"default","site-sidebar-style":"default","ast-global-header-display":"","ast-banner-title-visibility":"","ast-main-header-display":"","ast-hfb-above-header-display":"","ast-hfb-below-header-display":"","ast-hfb-mobile-header-display":"","site-post-title":"disabled","ast-breadcrumbs-content":"","ast-featured-img":"","footer-sml-layout":"","theme-transparent-header-meta":"enabled","adv-header-id-meta":"","stick-header-meta":"","header-above-stick-meta":"","header-main-stick-meta":"","header-below-stick-meta":"","astra-migrate-meta-layouts":"set","ast-page-background-enabled":"default","ast-page-background-meta":{"desktop":{"background-color":"var(--ast-global-color-4)","background-image":"","background-repeat":"repeat","background-position":"center center","background-size":"auto","background-attachment":"scroll","background-type":"","background-media":"","overlay-type":"","overlay-color":"","overlay-opacity":"","overlay-gradient":""},"tablet":{"background-color":"","background-image":"","background-repeat":"repeat","background-position":"center center","background-size":"auto","background-attachment":"scroll","background-type":"","background-media":"","overlay-type":"","overlay-color":"","overlay-opacity":"","overlay-gradient":""},"mobile":{"background-color":"","background-image":"","background-repeat":"repeat","background-position":"center center","background-size":"auto","background-attachment":"scroll","background-type":"","background-media":"","overlay-type":"","overlay-color":"","overlay-opacity":"","overlay-gradient":""}},"ast-content-background-meta":{"desktop":{"background-color":"var(--ast-global-color-5)","background-image":"","background-repeat":"repeat","background-position":"center center","background-size":"auto","background-attachment":"scroll","background-type":"","background-media":"","overlay-type":"","overlay-color":"","overlay-opacity":"","overlay-gradient":""},"tablet":{"background-color":"var(--ast-global-color-5)","background-image":"","background-repeat":"repeat","background-position":"center center","background-size":"auto","background-attachment":"scroll","background-type":"","background-media":"","overlay-type":"","overlay-color":"","overlay-opacity":"","overlay-gradient":""},"mobile":{"background-color":"var(--ast-global-color-5)","background-image":"","background-repeat":"repeat","background-position":"center center","background-size":"auto","background-attachment":"scroll","background-type":"","background-media":"","overlay-type":"","overlay-color":"","overlay-opacity":"","overlay-gradient":""}},"footnotes":""},"class_list":["post-167","page","type-page","status-publish","hentry"],"uagb_featured_image_src":{"full":false,"thumbnail":false,"medium":false,"medium_large":false,"large":false,"1536x1536":false,"2048x2048":false},"uagb_author_info":{"display_name":"erick.garcia","author_link":"https:\/\/idr.edu.mx\/inicio\/author\/erick-garcia\/"},"uagb_comment_info":0,"uagb_excerpt":"Nuestras Ofertas Propuesta de Valor \u00danico Descubre c\u00f3mo preparamos a nuestros estudiantes para liderar en la industria tecnol\u00f3gica del ma\u00f1ana. [&hellip;]","_links":{"self":[{"href":"https:\/\/idr.edu.mx\/inicio\/wp-json\/wp\/v2\/pages\/167","targetHints":{"allow":["GET"]}}],"collection":[{"href":"https:\/\/idr.edu.mx\/inicio\/wp-json\/wp\/v2\/pages"}],"about":[{"href":"https:\/\/idr.edu.mx\/inicio\/wp-json\/wp\/v2\/types\/page"}],"author":[{"embeddable":true,"href":"https:\/\/idr.edu.mx\/inicio\/wp-json\/wp\/v2\/users\/1"}],"replies":[{"embeddable":true,"href":"https:\/\/idr.edu.mx\/inicio\/wp-json\/wp\/v2\/comments?post=167"}],"version-history":[{"count":3,"href":"https:\/\/idr.edu.mx\/inicio\/wp-json\/wp\/v2\/pages\/167\/revisions"}],"predecessor-version":[{"id":1346,"href":"https:\/\/idr.edu.mx\/inicio\/wp-json\/wp\/v2\/pages\/167\/revisions\/1346"}],"wp:attachment":[{"href":"https:\/\/idr.edu.mx\/inicio\/wp-json\/wp\/v2\/media?parent=167"}],"curies":[{"name":"wp","href":"https:\/\/api.w.org\/{rel}","templated":true}]}}